{"id":1710,"date":"2026-01-27T11:17:54","date_gmt":"2026-01-27T10:17:54","guid":{"rendered":"https:\/\/afges.org\/?page_id=1710"},"modified":"2026-01-27T11:19:00","modified_gmt":"2026-01-27T10:19:00","slug":"gase-2026","status":"publish","type":"page","link":"https:\/\/afges.org\/en\/gase-2026\/","title":{"rendered":"GASE 2026"},"content":{"rendered":"<div data-elementor-type=\"wp-page\" data-elementor-id=\"1710\" class=\"elementor elementor-1710\">\n\t\t\t\t\t\t<header class=\"elementor-section elementor-top-section elementor-element elementor-element-4d4ae6e0 elementor-section-boxed elementor-section-height-default elementor-section-height-default\" data-id=\"4d4ae6e0\" data-element_type=\"section\" data-e-type=\"section\" data-settings=\"{&quot;background_background&quot;:&quot;classic&quot;}\">\n\t\t\t\t\t\t<div class=\"elementor-container elementor-column-gap-default\">\n\t\t\t\t\t<div class=\"elementor-column elementor-col-100 elementor-top-column elementor-element elementor-element-7eb1fe86\" data-id=\"7eb1fe86\" data-element_type=\"column\" data-e-type=\"column\">\n\t\t\t<div class=\"elementor-widget-wrap elementor-element-populated\">\n\t\t\t\t\t\t<div class=\"elementor-element elementor-element-5918980e elementor-widget__width-initial elementor-widget-tablet__width-initial elementor-widget-mobile__width-initial elementor-invisible elementor-widget elementor-widget-heading\" data-id=\"5918980e\" data-element_type=\"widget\" data-e-type=\"widget\" data-settings=\"{&quot;_animation&quot;:&quot;fadeIn&quot;}\" data-widget_type=\"heading.default\">\n\t\t\t\t<div class=\"elementor-widget-container\">\n\t\t\t\t\t<h1 class=\"elementor-heading-title elementor-size-default\">Student Social Aid Guide<\/h1>\t\t\t\t<\/div>\n\t\t\t\t<\/div>\n\t\t\t\t<section class=\"elementor-section elementor-inner-section elementor-element elementor-element-3f8666c elementor-section-boxed elementor-section-height-default elementor-section-height-default\" data-id=\"3f8666c\" data-element_type=\"section\" data-e-type=\"section\">\n\t\t\t\t\t\t<div class=\"elementor-container elementor-column-gap-default\">\n\t\t\t\t\t<div class=\"elementor-column elementor-col-100 elementor-inner-column elementor-element elementor-element-54e72e3 elementor-invisible\" data-id=\"54e72e3\" data-element_type=\"column\" data-e-type=\"column\" data-settings=\"{&quot;animation&quot;:&quot;fadeIn&quot;,&quot;animation_delay&quot;:500}\">\n\t\t\t<div class=\"elementor-widget-wrap elementor-element-populated\">\n\t\t\t\t\t\t<div class=\"elementor-element elementor-element-175f10f elementor-widget__width-initial elementor-widget-tablet__width-initial elementor-widget-mobile__width-initial elementor-invisible elementor-widget elementor-widget-text-editor\" data-id=\"175f10f\" data-element_type=\"widget\" data-e-type=\"widget\" data-settings=\"{&quot;_animation&quot;:&quot;fadeIn&quot;}\" data-widget_type=\"text-editor.default\">\n\t\t\t\t<div class=\"elementor-widget-container\">\n\t\t\t\t\t\t\t\t\t<p>The Student Social Aid Guide is a resource for financial aid and\/or materials, as well as good deals.<\/p><p>The aim of this guide is to highlight the assistance available to students, the schemes and structures that can provide support, and to make students' rights more widely known and accessible.<\/p><p>The guide covers a wide range of topics, including scholarships, special assistance, food, housing and mobility, as well as access to healthcare, professional integration and disability.\n\nThis guide is currently only available in French, but will soon be available in English.<\/p>\t\t\t\t\t\t\t\t<\/div>\n\t\t\t\t<\/div>\n\t\t\t\t<div class=\"elementor-element elementor-element-6a7b2b8 elementor-align-left elementor-invisible elementor-widget elementor-widget-button\" data-id=\"6a7b2b8\" data-element_type=\"widget\" data-e-type=\"widget\" data-settings=\"{&quot;_animation&quot;:&quot;fadeIn&quot;,&quot;_animation_delay&quot;:500}\" data-widget_type=\"button.default\">\n\t\t\t\t<div class=\"elementor-widget-container\">\n\t\t\t\t\t\t\t\t\t<div class=\"elementor-button-wrapper\">\n\t\t\t\t\t<a class=\"elementor-button elementor-button-link elementor-size-sm elementor-animation-shrink\" href=\"https:\/\/drive.google.com\/file\/d\/1qY77jcla0CuoLTyzVbPm8aH5e8TenZGN\/\">\n\t\t\t\t\t\t<span class=\"elementor-button-content-wrapper\">\n\t\t\t\t\t\t\t\t\t<span class=\"elementor-button-text\">Download guide<\/span>\n\t\t\t\t\t<\/span>\n\t\t\t\t\t<\/a>\n\t\t\t\t<\/div>\n\t\t\t\t\t\t\t\t<\/div>\n\t\t\t\t<\/div>\n\t\t\t\t\t<\/div>\n\t\t<\/div>\n\t\t\t\t\t<\/div>\n\t\t<\/section>\n\t\t\t\t\t<\/div>\n\t\t<\/div>\n\t\t\t\t\t<\/div>\n\t\t<\/header>\n\t\t\t\t<\/div>","protected":false},"excerpt":{"rendered":"<p>Guide des Aides Sociales \u00c9tudiantes Le Guide des Aides Sociales \u00c9tudiantes (GASE) est une ressource tant pour les aides financi\u00e8res et\/ou mat\u00e9riels que pour les bons plans. Le but de ce guide est de mettre en lumi\u00e8re les aides existantes pour les \u00e9tudiant.e.s, les dispositifs et les structures pouvant accompagner et de vulgariser les droits [&hellip;]<\/p>\n","protected":false},"author":8,"featured_media":0,"parent":0,"menu_order":0,"comment_status":"closed","ping_status":"closed","template":"elementor_header_footer","meta":{"footnotes":""},"class_list":["post-1710","page","type-page","status-publish","hentry"],"blocksy_meta":[],"yoast_head":"<!-- This site is optimized with the Yoast SEO plugin v27.2 - https:\/\/yoast.com\/product\/yoast-seo-wordpress\/ -->\n<title>GASE 2026 - AFGES<\/title>\n<meta name=\"robots\" content=\"index, follow, max-snippet:-1, max-image-preview:large, max-video-preview:-1\" \/>\n<link rel=\"canonical\" href=\"https:\/\/afges.org\/en\/gase-2026\/\" \/>\n<meta property=\"og:locale\" content=\"en_US\" \/>\n<meta property=\"og:type\" content=\"article\" \/>\n<meta property=\"og:title\" content=\"GASE 2026 - AFGES\" \/>\n<meta property=\"og:description\" content=\"Guide des Aides Sociales \u00c9tudiantes Le Guide des Aides Sociales \u00c9tudiantes (GASE) est une ressource tant pour les aides financi\u00e8res et\/ou mat\u00e9riels que pour les bons plans. Le but de ce guide est de mettre en lumi\u00e8re les aides existantes pour les \u00e9tudiant.e.s, les dispositifs et les structures pouvant accompagner et de vulgariser les droits [&hellip;]\" \/>\n<meta property=\"og:url\" content=\"https:\/\/afges.org\/en\/gase-2026\/\" \/>\n<meta property=\"og:site_name\" content=\"AFGES\" \/>\n<meta property=\"article:publisher\" content=\"https:\/\/www.facebook.com\/AFGES\" \/>\n<meta property=\"article:modified_time\" content=\"2026-01-27T10:19:00+00:00\" \/>\n<meta name=\"twitter:card\" content=\"summary_large_image\" \/>\n<meta name=\"twitter:site\" content=\"@AFGES\" \/>\n<meta name=\"twitter:label1\" content=\"Est. reading time\" \/>\n\t<meta name=\"twitter:data1\" content=\"1 minute\" \/>\n<script type=\"application\/ld+json\" class=\"yoast-schema-graph\">{\"@context\":\"https:\/\/schema.org\",\"@graph\":[{\"@type\":\"WebPage\",\"@id\":\"https:\/\/afges.org\/gase-2026\/\",\"url\":\"https:\/\/afges.org\/gase-2026\/\",\"name\":\"GASE 2026 - AFGES\",\"isPartOf\":{\"@id\":\"https:\/\/www.afges.org\/#website\"},\"datePublished\":\"2026-01-27T10:17:54+00:00\",\"dateModified\":\"2026-01-27T10:19:00+00:00\",\"breadcrumb\":{\"@id\":\"https:\/\/afges.org\/gase-2026\/#breadcrumb\"},\"inLanguage\":\"en-US\",\"potentialAction\":[{\"@type\":\"ReadAction\",\"target\":[\"https:\/\/afges.org\/gase-2026\/\"]}]},{\"@type\":\"BreadcrumbList\",\"@id\":\"https:\/\/afges.org\/gase-2026\/#breadcrumb\",\"itemListElement\":[{\"@type\":\"ListItem\",\"position\":1,\"name\":\"Accueil\",\"item\":\"https:\/\/www.afges.org\/\"},{\"@type\":\"ListItem\",\"position\":2,\"name\":\"GASE 2026\"}]},{\"@type\":\"WebSite\",\"@id\":\"https:\/\/www.afges.org\/#website\",\"url\":\"https:\/\/www.afges.org\/\",\"name\":\"AFGES, les \u00c9tudiant-e-s d\u2019Alsace\",\"description\":\"Les \u00c9tudiant-e-s d\u2019Alsace\",\"publisher\":{\"@id\":\"https:\/\/www.afges.org\/#organization\"},\"potentialAction\":[{\"@type\":\"SearchAction\",\"target\":{\"@type\":\"EntryPoint\",\"urlTemplate\":\"https:\/\/www.afges.org\/?s={search_term_string}\"},\"query-input\":{\"@type\":\"PropertyValueSpecification\",\"valueRequired\":true,\"valueName\":\"search_term_string\"}}],\"inLanguage\":\"en-US\"},{\"@type\":\"Organization\",\"@id\":\"https:\/\/www.afges.org\/#organization\",\"name\":\"AFGES, les \u00c9tudiant-e-s d\u2019Alsace\",\"url\":\"https:\/\/www.afges.org\/\",\"logo\":{\"@type\":\"ImageObject\",\"inLanguage\":\"en-US\",\"@id\":\"https:\/\/www.afges.org\/#\/schema\/logo\/image\/\",\"url\":\"\/wp-content\/uploads\/2025\/08\/Logo-AFGES-Orange-scaled.png\",\"contentUrl\":\"\/wp-content\/uploads\/2025\/08\/Logo-AFGES-Orange-scaled.png\",\"width\":2302,\"height\":2560,\"caption\":\"AFGES, les \u00c9tudiant-e-s d\u2019Alsace\"},\"image\":{\"@id\":\"https:\/\/www.afges.org\/#\/schema\/logo\/image\/\"},\"sameAs\":[\"https:\/\/www.facebook.com\/AFGES\",\"https:\/\/x.com\/AFGES\"]}]}<\/script>\n<!-- \/ Yoast SEO plugin. -->","yoast_head_json":{"title":"GASE 2026 - AFGES","robots":{"index":"index","follow":"follow","max-snippet":"max-snippet:-1","max-image-preview":"max-image-preview:large","max-video-preview":"max-video-preview:-1"},"canonical":"https:\/\/afges.org\/en\/gase-2026\/","og_locale":"en_US","og_type":"article","og_title":"GASE 2026 - AFGES","og_description":"Guide des Aides Sociales \u00c9tudiantes Le Guide des Aides Sociales \u00c9tudiantes (GASE) est une ressource tant pour les aides financi\u00e8res et\/ou mat\u00e9riels que pour les bons plans. Le but de ce guide est de mettre en lumi\u00e8re les aides existantes pour les \u00e9tudiant.e.s, les dispositifs et les structures pouvant accompagner et de vulgariser les droits [&hellip;]","og_url":"https:\/\/afges.org\/en\/gase-2026\/","og_site_name":"AFGES","article_publisher":"https:\/\/www.facebook.com\/AFGES","article_modified_time":"2026-01-27T10:19:00+00:00","twitter_card":"summary_large_image","twitter_site":"@AFGES","twitter_misc":{"Est. reading time":"1 minute"},"schema":{"@context":"https:\/\/schema.org","@graph":[{"@type":"WebPage","@id":"https:\/\/afges.org\/gase-2026\/","url":"https:\/\/afges.org\/gase-2026\/","name":"GASE 2026 - AFGES","isPartOf":{"@id":"https:\/\/www.afges.org\/#website"},"datePublished":"2026-01-27T10:17:54+00:00","dateModified":"2026-01-27T10:19:00+00:00","breadcrumb":{"@id":"https:\/\/afges.org\/gase-2026\/#breadcrumb"},"inLanguage":"en-US","potentialAction":[{"@type":"ReadAction","target":["https:\/\/afges.org\/gase-2026\/"]}]},{"@type":"BreadcrumbList","@id":"https:\/\/afges.org\/gase-2026\/#breadcrumb","itemListElement":[{"@type":"ListItem","position":1,"name":"Accueil","item":"https:\/\/www.afges.org\/"},{"@type":"ListItem","position":2,"name":"GASE 2026"}]},{"@type":"WebSite","@id":"https:\/\/www.afges.org\/#website","url":"https:\/\/www.afges.org\/","name":"AFGES, les \u00c9tudiant-e-s d\u2019Alsace","description":"Les \u00c9tudiant-e-s d\u2019Alsace","publisher":{"@id":"https:\/\/www.afges.org\/#organization"},"potentialAction":[{"@type":"SearchAction","target":{"@type":"EntryPoint","urlTemplate":"https:\/\/www.afges.org\/?s={search_term_string}"},"query-input":{"@type":"PropertyValueSpecification","valueRequired":true,"valueName":"search_term_string"}}],"inLanguage":"en-US"},{"@type":"Organization","@id":"https:\/\/www.afges.org\/#organization","name":"AFGES, les \u00c9tudiant-e-s d\u2019Alsace","url":"https:\/\/www.afges.org\/","logo":{"@type":"ImageObject","inLanguage":"en-US","@id":"https:\/\/www.afges.org\/#\/schema\/logo\/image\/","url":"\/wp-content\/uploads\/2025\/08\/Logo-AFGES-Orange-scaled.png","contentUrl":"\/wp-content\/uploads\/2025\/08\/Logo-AFGES-Orange-scaled.png","width":2302,"height":2560,"caption":"AFGES, les \u00c9tudiant-e-s d\u2019Alsace"},"image":{"@id":"https:\/\/www.afges.org\/#\/schema\/logo\/image\/"},"sameAs":["https:\/\/www.facebook.com\/AFGES","https:\/\/x.com\/AFGES"]}]}},"_links":{"self":[{"href":"https:\/\/afges.org\/en\/wp-json\/wp\/v2\/pages\/1710","targetHints":{"allow":["GET"]}}],"collection":[{"href":"https:\/\/afges.org\/en\/wp-json\/wp\/v2\/pages"}],"about":[{"href":"https:\/\/afges.org\/en\/wp-json\/wp\/v2\/types\/page"}],"author":[{"embeddable":true,"href":"https:\/\/afges.org\/en\/wp-json\/wp\/v2\/users\/8"}],"replies":[{"embeddable":true,"href":"https:\/\/afges.org\/en\/wp-json\/wp\/v2\/comments?post=1710"}],"version-history":[{"count":4,"href":"https:\/\/afges.org\/en\/wp-json\/wp\/v2\/pages\/1710\/revisions"}],"predecessor-version":[{"id":1714,"href":"https:\/\/afges.org\/en\/wp-json\/wp\/v2\/pages\/1710\/revisions\/1714"}],"wp:attachment":[{"href":"https:\/\/afges.org\/en\/wp-json\/wp\/v2\/media?parent=1710"}],"curies":[{"name":"wp","href":"https:\/\/api.w.org\/{rel}","templated":true}]}}